{"id":3550,"date":"2019-05-18T14:24:36","date_gmt":"2019-05-18T14:24:36","guid":{"rendered":"http:\/\/schule.fanas.ch\/?page_id=3550"},"modified":"2026-04-01T16:25:51","modified_gmt":"2026-04-01T16:25:51","slug":"pw-2019-pausenplatzspiele","status":"publish","type":"page","link":"https:\/\/schule.fanas.ch\/?page_id=3550","title":{"rendered":"PW 2019 &#8211; Pausenplatzspiele"},"content":{"rendered":"<p>Ups daneben gemalt \ud83d\ude42<\/p>\n<p><a href=\"httpss:\/\/schule.fanas.ch\/wp-content\/uploads\/2019\/06\/img_0050.jpg\"><img loading=\"lazy\" decoding=\"async\" class=\"alignleft wp-image-3579 size-thumbnail\" src=\"https:\/\/schule.fanas.ch\/wp-content\/uploads\/2019\/06\/img_0050-200x200.jpg\" alt=\"\" width=\"200\" height=\"200\"><\/a>Die Projektwoche begann wie immer am Montag. Der Einstieg war super toll. Ich war in der Gruppe Pausenplatzspiele. Es gab vier Gruppen: Pausenkiosk, Graffiti, Chillecke und Pausenplatzspiele. Wir planten 5 verschiedene Spiele: Schach, Tick-Tack-Toe, M\u00fchle, Himmel &amp; H\u00f6lle und Street Racket. Das n\u00f6tige Material gingen wir am Montag einkaufen.<\/p>\n<p><a href=\"httpss:\/\/schule.fanas.ch\/wp-content\/uploads\/2019\/06\/img_0049-1.jpg\"><img loading=\"lazy\" decoding=\"async\" class=\"alignright wp-image-3580 size-thumbnail\" src=\"https:\/\/schule.fanas.ch\/wp-content\/uploads\/2019\/06\/img_0049-1-200x200.jpg\" alt=\"\" width=\"200\" height=\"200\"><\/a>Am Nachmittag klebten wir die Linien ab, damit wir nicht dar\u00fcber hinaus malten, denn wir malten mit Strassenmalfarbe und die geht nicht aus, trotzdem gingen ein paar Flecken daneben, die wir dann sofort mit Wasser beseitigten.<\/p>\n<p><a href=\"httpss:\/\/schule.fanas.ch\/wp-content\/uploads\/2019\/06\/img_0052.jpg\"><img loading=\"lazy\" decoding=\"async\" class=\"alignleft wp-image-3581 size-thumbnail\" src=\"https:\/\/schule.fanas.ch\/wp-content\/uploads\/2019\/06\/img_0052-200x200.jpg\" alt=\"\" width=\"200\" height=\"200\" srcset=\"https:\/\/schule.fanas.ch\/wp-content\/uploads\/2019\/06\/img_0052-200x200.jpg 200w, https:\/\/schule.fanas.ch\/wp-content\/uploads\/2019\/06\/img_0052-300x300.jpg 300w, https:\/\/schule.fanas.ch\/wp-content\/uploads\/2019\/06\/img_0052-768x768.jpg 768w, https:\/\/schule.fanas.ch\/wp-content\/uploads\/2019\/06\/img_0052.jpg 800w\" sizes=\"auto, (max-width: 200px) 100vw, 200px\" \/><\/a>Wir stellten auch viele Sachen aus Holz her, zum Beispiel Street Racketschl\u00e4ger und M\u00fchlsteine. Am Freitag kamen die Eltern unsere Projekte anschauen. Danach gingen wir kochen. Wir assen in der Schule Mittag. Das war sehr lustig. Wir spielten die ganze Zeit. Danach mussten wir noch aufr\u00e4umen. Es war eine sehr tolle Woche. Ich hoffe es gibt wieder einmal so eine Projektwoche. (Und&#8230; nat\u00fcrlich wieder ohne Hausaufgaben?)<\/p>\n<p><a href=\"httpss:\/\/schule.fanas.ch\/?cat=5\">zur\u00fcck<\/a><\/p>\n<p>&nbsp;<\/p>\n<p>&nbsp;<\/p>\n\n\n<p><\/p>\n","protected":false},"excerpt":{"rendered":"<p>Ups daneben gemalt \ud83d\ude42 Die Projektwoche begann wie immer am Montag. Der Einstieg war super toll. Ich war in der Gruppe Pausenplatzspiele. Es gab vier Gruppen: Pausenkiosk, Graffiti, Chillecke und Pausenplatzspiele. Wir planten 5 verschiedene Spiele: Schach, Tick-Tack-Toe, M\u00fchle, Himmel &amp; H\u00f6lle und Street Racket. Das n\u00f6tige Material gingen wir am Montag einkaufen. Am Nachmittag&#8230;<\/p>\n","protected":false},"author":1,"featured_media":0,"parent":0,"menu_order":0,"comment_status":"closed","ping_status":"closed","template":"","meta":{"ngg_post_thumbnail":0,"_kad_post_transparent":"","_kad_post_title":"","_kad_post_layout":"","_kad_post_sidebar_id":"","_kad_post_content_style":"","_kad_post_vertical_padding":"","_kad_post_feature":"","_kad_post_feature_position":"","_kad_post_header":false,"_kad_post_footer":false,"_kad_post_classname":"","footnotes":""},"class_list":["post-3550","page","type-page","status-publish","hentry"],"_links":{"self":[{"href":"https:\/\/schule.fanas.ch\/index.php?rest_route=\/wp\/v2\/pages\/3550","targetHints":{"allow":["GET"]}}],"collection":[{"href":"https:\/\/schule.fanas.ch\/index.php?rest_route=\/wp\/v2\/pages"}],"about":[{"href":"https:\/\/schule.fanas.ch\/index.php?rest_route=\/wp\/v2\/types\/page"}],"author":[{"embeddable":true,"href":"https:\/\/schule.fanas.ch\/index.php?rest_route=\/wp\/v2\/users\/1"}],"replies":[{"embeddable":true,"href":"https:\/\/schule.fanas.ch\/index.php?rest_route=%2Fwp%2Fv2%2Fcomments&post=3550"}],"version-history":[{"count":8,"href":"https:\/\/schule.fanas.ch\/index.php?rest_route=\/wp\/v2\/pages\/3550\/revisions"}],"predecessor-version":[{"id":4888,"href":"https:\/\/schule.fanas.ch\/index.php?rest_route=\/wp\/v2\/pages\/3550\/revisions\/4888"}],"wp:attachment":[{"href":"https:\/\/schule.fanas.ch\/index.php?rest_route=%2Fwp%2Fv2%2Fmedia&parent=3550"}],"curies":[{"name":"wp","href":"https:\/\/api.w.org\/{rel}","templated":true}]}}