{"id":3552,"date":"2019-05-18T14:25:18","date_gmt":"2019-05-18T14:25:18","guid":{"rendered":"http:\/\/schule.fanas.ch\/?page_id=3552"},"modified":"2026-04-01T16:22:16","modified_gmt":"2026-04-01T16:22:16","slug":"pw-2019-graffiti","status":"publish","type":"page","link":"https:\/\/schule.fanas.ch\/?page_id=3552","title":{"rendered":"PW 2019 &#8211; Graffiti"},"content":{"rendered":"<p><strong>Die coole Projektwoche<\/strong><\/p>\n<p><a href=\"https:\/\/schule.fanas.ch\/wp-content\/uploads\/2026\/04\/Graffiti-2.jpg\"><img loading=\"lazy\" decoding=\"async\" class=\"alignleft size-thumbnail wp-image-4882\" src=\"https:\/\/schule.fanas.ch\/wp-content\/uploads\/2026\/04\/Graffiti-2-200x200.jpg\" alt=\"\" width=\"200\" height=\"200\"><\/a>Wir hatten eine Projektwoche mit 4 coolen Projekten: Graffiti, Pausenplatzspiele, Chillecke und Pausenkiosk. Ich war in der Gruppe Graffiti. Am Montag begannen wir mit den Skizzen f\u00fcr das Graffiti. Die meisten kamen sehr cool, aber wir mussten uns dann f\u00fcr drei entscheiden. Wir haben auch noch 3 Holzrahmen gemacht, ein Vlies \u00fcber die Rahmen gespannt und hinten angetackert, so mussten wir nicht direkt auf die Wand sprayen und hatten trotzdem eine sch\u00f6ne Fl\u00e4che. Bei den Rahmen hatten wir ein Problem, weil die N\u00e4gel nicht hielten und wir mussten Schrauben rein schrauben, dass es besser hielt. Dann konnten wir mit dem Sprayen beginnen.<\/p>\n<p><a href=\"https:\/\/schule.fanas.ch\/wp-content\/uploads\/2026\/04\/Graffiti-3.jpg\"><img loading=\"lazy\" decoding=\"async\" class=\"alignright size-thumbnail wp-image-4883\" src=\"https:\/\/schule.fanas.ch\/wp-content\/uploads\/2026\/04\/Graffiti-3-200x200.jpg\" alt=\"\" width=\"200\" height=\"200\"><\/a>Wir haben ein Huhn, Fanas und Schule Fanas gesprayt es wurden alle sehr cool. Ich war beim Huhn. Am Mittwoch kam ein Sprayer aus Gr\u00fcsch zur Hilfe, der uns die richtige Technik zeigte. Die Bilder hingen wir auf, f\u00fcr jedes Stockwerk eins. Am Donnerstag mussten wir beim Chillecken helfen und den Bericht f\u00fcr den Freitag, wenn die Eltern kommen \u00fcben.<\/p>\n<p><a href=\"https:\/\/schule.fanas.ch\/wp-content\/uploads\/2026\/04\/Graffiti-5.jpg\"><img loading=\"lazy\" decoding=\"async\" class=\"alignleft size-thumbnail wp-image-4884\" src=\"https:\/\/schule.fanas.ch\/wp-content\/uploads\/2026\/04\/Graffiti-5-200x200.jpg\" alt=\"\" width=\"200\" height=\"200\"><\/a>Am Freitag gingen wir in die M\u00fchle in Gr\u00fcsch Graffiti anschauen um 10:00 Uhr kamen die Eltern. Jede Gruppe musste sein Projekt vorstellen, das war toll. Danach assen wir alle zusammen Mittag. Es gab H\u00f6rnli mit Hackfleisch und zum Dessert eine Creme, es war sehr fein. Im Grossen und Ganzen war die Projektwoche sehr cool. ?<\/p>\n<p><a href=\"httpss:\/\/schule.fanas.ch\/?cat=5\">zur\u00fcck<\/a><\/p>\n","protected":false},"excerpt":{"rendered":"<p>Die coole Projektwoche Wir hatten eine Projektwoche mit 4 coolen Projekten: Graffiti, Pausenplatzspiele, Chillecke und Pausenkiosk. Ich war in der Gruppe Graffiti. Am Montag begannen wir mit den Skizzen f\u00fcr das Graffiti. Die meisten kamen sehr cool, aber wir mussten uns dann f\u00fcr drei entscheiden. Wir haben auch noch 3 Holzrahmen gemacht, ein Vlies \u00fcber&#8230;<\/p>\n","protected":false},"author":7,"featured_media":0,"parent":0,"menu_order":0,"comment_status":"closed","ping_status":"closed","template":"","meta":{"ngg_post_thumbnail":0,"_kad_post_transparent":"","_kad_post_title":"","_kad_post_layout":"","_kad_post_sidebar_id":"","_kad_post_content_style":"","_kad_post_vertical_padding":"","_kad_post_feature":"","_kad_post_feature_position":"","_kad_post_header":false,"_kad_post_footer":false,"_kad_post_classname":"","footnotes":""},"class_list":["post-3552","page","type-page","status-publish","hentry"],"_links":{"self":[{"href":"https:\/\/schule.fanas.ch\/index.php?rest_route=\/wp\/v2\/pages\/3552","targetHints":{"allow":["GET"]}}],"collection":[{"href":"https:\/\/schule.fanas.ch\/index.php?rest_route=\/wp\/v2\/pages"}],"about":[{"href":"https:\/\/schule.fanas.ch\/index.php?rest_route=\/wp\/v2\/types\/page"}],"author":[{"embeddable":true,"href":"https:\/\/schule.fanas.ch\/index.php?rest_route=\/wp\/v2\/users\/7"}],"replies":[{"embeddable":true,"href":"https:\/\/schule.fanas.ch\/index.php?rest_route=%2Fwp%2Fv2%2Fcomments&post=3552"}],"version-history":[{"count":7,"href":"https:\/\/schule.fanas.ch\/index.php?rest_route=\/wp\/v2\/pages\/3552\/revisions"}],"predecessor-version":[{"id":4885,"href":"https:\/\/schule.fanas.ch\/index.php?rest_route=\/wp\/v2\/pages\/3552\/revisions\/4885"}],"wp:attachment":[{"href":"https:\/\/schule.fanas.ch\/index.php?rest_route=%2Fwp%2Fv2%2Fmedia&parent=3552"}],"curies":[{"name":"wp","href":"https:\/\/api.w.org\/{rel}","templated":true}]}}