{"id":3556,"date":"2019-05-18T14:31:12","date_gmt":"2019-05-18T14:31:12","guid":{"rendered":"http:\/\/schule.fanas.ch\/?page_id=3556"},"modified":"2026-04-01T16:25:05","modified_gmt":"2026-04-01T16:25:05","slug":"pw-2019-pausenkiosk","status":"publish","type":"page","link":"https:\/\/schule.fanas.ch\/?page_id=3556","title":{"rendered":"PW 2019 &#8211; Pausenkiosk"},"content":{"rendered":"<p>Gute Zeiten &#8211; schlechte Zeiten<\/p>\n<p><img loading=\"lazy\" decoding=\"async\" class=\"alignleft wp-image-3562 size-thumbnail\" src=\"https:\/\/schule.fanas.ch\/wp-content\/uploads\/2019\/06\/img_0109-1-200x200.jpg\" alt=\"\" width=\"200\" height=\"200\">Die Schule Fanas hatte wieder einmal eine Projektwoche. Wir hatten 250 Fr. zum ausgeben und mussten einen Pausenkiosk machen. Es gab auch noch 3 andere Gruppen und zwar Graffiti, Pausenplatzspiele und Chillecke. Die Projektwoche ging von Montag bis Freitag, also den Freitag kann man eigentlich halb wegstreichen, denn um 14.00 Uhr war der Abschluss, aber zu dem kommen wir dann sp\u00e4ter zur\u00fcck.<\/p>\n<p><img loading=\"lazy\" decoding=\"async\" class=\"alignright wp-image-3563 size-thumbnail\" src=\"https:\/\/schule.fanas.ch\/wp-content\/uploads\/2019\/06\/img_0108-1-200x200.jpg\" alt=\"\" width=\"200\" height=\"200\">Tag 1. Am Montag morgen lief ich in den Kindergarten, denn unser Projekt machten wir im Kindergarten. Wir hatten alles vorbereitet und schon mal einen Prototypen gemacht. Am Nachmittag machten wir eine Umfrage. In dieser Umfrage waren zum Beispiel die Fragen: darf es auch mal etwas S\u00fcsses sein, wie viel darf es kostet usw.<\/p>\n<p>Am 2. Tag fand ich es nicht so spannend, wir malten das Holz f\u00fcr den Pausenkiosk an und n\u00e4hten F\u00e4hnlein als Dekoration.<\/p>\n<p><a href=\"httpss:\/\/schule.fanas.ch\/wp-content\/uploads\/2019\/06\/img_0111.jpg\"><img loading=\"lazy\" decoding=\"async\" class=\"alignleft wp-image-3565 size-thumbnail\" src=\"https:\/\/schule.fanas.ch\/wp-content\/uploads\/2019\/06\/img_0111-200x200.jpg\" alt=\"\" width=\"200\" height=\"200\"><\/a>Am 3. Tag. Am Mittwoch druckten wir Rezepte f\u00fcr ein Rezeptbuch aus, n\u00e4hten noch fertig und machten die R\u00e4der an ein Holz.<\/p>\n<p>Tag 4. Am Donnerstag schraubten wir alles zusammen und schafften gerade noch das Rezeptbuch fertig.<\/p>\n<p><a href=\"httpss:\/\/schule.fanas.ch\/wp-content\/uploads\/2019\/06\/img_0112.jpg\"><img loading=\"lazy\" decoding=\"async\" class=\"alignright wp-image-3566 size-thumbnail\" src=\"https:\/\/schule.fanas.ch\/wp-content\/uploads\/2019\/06\/img_0112-200x200.jpg\" alt=\"\" width=\"200\" height=\"200\"><\/a>Tag 5. Endspurt jetzt machten wir noch ein paar Kleinigkeiten und dann war der Abschluss, da kommen die Eltern, jedes Projekt wurde einzel vorgestellt also Graffiti, Strassenspiele, Pausenkiosk und Chillecke. Darauf folgend kochten wir fein und assen. Dann war die Projektwoche auch schon vorbei. Trotz ein paar Schwierigkeiten zum Bsp.beim Anbohren des Rades hat es uns das Holz gespalten aber sonst ging es eigentlich gut.<\/p>\n<p><a href=\"httpss:\/\/schule.fanas.ch\/?cat=5\">zur\u00fcck<\/a><\/p>\n","protected":false},"excerpt":{"rendered":"<p>Gute Zeiten &#8211; schlechte Zeiten Die Schule Fanas hatte wieder einmal eine Projektwoche. Wir hatten 250 Fr. zum ausgeben und mussten einen Pausenkiosk machen. Es gab auch noch 3 andere Gruppen und zwar Graffiti, Pausenplatzspiele und Chillecke. Die Projektwoche ging von Montag bis Freitag, also den Freitag kann man eigentlich halb wegstreichen, denn um 14.00&#8230;<\/p>\n","protected":false},"author":1,"featured_media":0,"parent":0,"menu_order":0,"comment_status":"closed","ping_status":"closed","template":"","meta":{"ngg_post_thumbnail":0,"_kad_post_transparent":"","_kad_post_title":"","_kad_post_layout":"","_kad_post_sidebar_id":"","_kad_post_content_style":"","_kad_post_vertical_padding":"","_kad_post_feature":"","_kad_post_feature_position":"","_kad_post_header":false,"_kad_post_footer":false,"_kad_post_classname":"","footnotes":""},"class_list":["post-3556","page","type-page","status-publish","hentry"],"_links":{"self":[{"href":"https:\/\/schule.fanas.ch\/index.php?rest_route=\/wp\/v2\/pages\/3556","targetHints":{"allow":["GET"]}}],"collection":[{"href":"https:\/\/schule.fanas.ch\/index.php?rest_route=\/wp\/v2\/pages"}],"about":[{"href":"https:\/\/schule.fanas.ch\/index.php?rest_route=\/wp\/v2\/types\/page"}],"author":[{"embeddable":true,"href":"https:\/\/schule.fanas.ch\/index.php?rest_route=\/wp\/v2\/users\/1"}],"replies":[{"embeddable":true,"href":"https:\/\/schule.fanas.ch\/index.php?rest_route=%2Fwp%2Fv2%2Fcomments&post=3556"}],"version-history":[{"count":13,"href":"https:\/\/schule.fanas.ch\/index.php?rest_route=\/wp\/v2\/pages\/3556\/revisions"}],"predecessor-version":[{"id":4887,"href":"https:\/\/schule.fanas.ch\/index.php?rest_route=\/wp\/v2\/pages\/3556\/revisions\/4887"}],"wp:attachment":[{"href":"https:\/\/schule.fanas.ch\/index.php?rest_route=%2Fwp%2Fv2%2Fmedia&parent=3556"}],"curies":[{"name":"wp","href":"https:\/\/api.w.org\/{rel}","templated":true}]}}