{"id":4,"date":"2015-01-02T12:31:40","date_gmt":"2015-01-02T12:31:40","guid":{"rendered":"http:\/\/fanas.ch\/schule\/?page_id=4"},"modified":"2026-03-02T17:27:46","modified_gmt":"2026-03-02T17:27:46","slug":"unsere-schule","status":"publish","type":"page","link":"https:\/\/schule.fanas.ch\/","title":{"rendered":"Unsere Schule &nbsp;"},"content":{"rendered":"<div class=\"wp-block-image\">\n<figure class=\"aligncenter is-resized\"><a href=\"https:\/\/schule.fanas.ch\/wp-content\/uploads\/2015\/01\/Header_Schule.jpg\"><img loading=\"lazy\" decoding=\"async\" width=\"1128\" height=\"201\" src=\"https:\/\/schule.fanas.ch\/wp-content\/uploads\/2015\/01\/Header_Schule.jpg\" alt=\"\" class=\"wp-image-21\" style=\"width:1166px;height:auto\" srcset=\"https:\/\/schule.fanas.ch\/wp-content\/uploads\/2015\/01\/Header_Schule.jpg 1128w, https:\/\/schule.fanas.ch\/wp-content\/uploads\/2015\/01\/Header_Schule-300x53.jpg 300w, https:\/\/schule.fanas.ch\/wp-content\/uploads\/2015\/01\/Header_Schule-1024x182.jpg 1024w\" sizes=\"auto, (max-width: 1128px) 100vw, 1128px\" \/><\/a><\/figure><\/div>\n\n\n<p>Auf unserer Seite wollen wir einerseits uns im Schulbetrieb einer kleinen Dorfschule vorstellen, andererseits ist es eine Plattform, die zur Information f\u00fcr uns, die Sch\u00fclerinnen und Sch\u00fcler und die Eltern da ist.<\/p>\n\n\n<div class=\"wp-block-image\">\n<figure class=\"alignleft size-medium\"><a href=\"https:\/\/schule.fanas.ch\/wp-content\/uploads\/2026\/03\/Team-Fanas-2025-quad-1200.jpg\"><img loading=\"lazy\" decoding=\"async\" width=\"300\" height=\"300\" src=\"https:\/\/schule.fanas.ch\/wp-content\/uploads\/2026\/03\/Team-Fanas-2025-quad-1200-300x300.jpg\" alt=\"\" class=\"wp-image-4809\" srcset=\"https:\/\/schule.fanas.ch\/wp-content\/uploads\/2026\/03\/Team-Fanas-2025-quad-1200-300x300.jpg 300w, https:\/\/schule.fanas.ch\/wp-content\/uploads\/2026\/03\/Team-Fanas-2025-quad-1200-1024x1024.jpg 1024w, https:\/\/schule.fanas.ch\/wp-content\/uploads\/2026\/03\/Team-Fanas-2025-quad-1200-200x200.jpg 200w, https:\/\/schule.fanas.ch\/wp-content\/uploads\/2026\/03\/Team-Fanas-2025-quad-1200-768x768.jpg 768w, https:\/\/schule.fanas.ch\/wp-content\/uploads\/2026\/03\/Team-Fanas-2025-quad-1200.jpg 1200w\" sizes=\"auto, (max-width: 300px) 100vw, 300px\" \/><\/a><\/figure><\/div>\n\n\n<p>Die Primarschule geh\u00f6rt zusammen mit Gr\u00fcsch und Seewis zum <a title=\"Schulverband Gr\u00fcsch \/ Seewis\" href=\"https:\/\/www.sv-gs.ch\" target=\"_blank\" rel=\"noopener noreferrer\">Schulverband Gr\u00fcsch \/ Seewis<\/a>. An unserer Primarschule werden zwei Abteilungen gef\u00fchrt; in diesem Jahr Laura Herrera mit der 1. bis 3. Klasse (Unterstufe) und Daniel Nigg mit der 4. bis 6. Klasse (Mittelstufe). Des Weiteren arbeitet als Fachlehrperson Mirjam Caprez und als SHP Armanda K\u00e4lin bei uns im Schulhaus. Die Kinderg\u00e4rtner besuchen den Kindergarten in Gr\u00fcsch.<\/p>\n\n\n\n<p>Das Schulhaus wurde im Jahre 1996 eingeweiht und die angebaute Mehrzweckanlage bietet Platz zum Turnen und f\u00fcr allerlei Anl\u00e4sse. Es bietet einen grossen Pausenplatz mit Fussballfeld, Spielturm und Sandkasten und im Winter k\u00f6nnen sich die Sch\u00fclerinnen und Sch\u00fcler mit dem Schlitten am Hang neben dem Schulhaus austoben.<br>Ab der 7. Klasse, d. h. f\u00fcr die Oberstufe, werden die Sch\u00fclerinnen und Sch\u00fcler mit dem Postauto nach Gr\u00fcsch ins Schulhaus Usserfeld gefahren.<\/p>\n\n\n\n<p><\/p>\n","protected":false},"excerpt":{"rendered":"<p>Auf unserer Seite wollen wir einerseits uns im Schulbetrieb einer kleinen Dorfschule vorstellen, andererseits ist es eine Plattform, die zur Information f\u00fcr uns, die Sch\u00fclerinnen und Sch\u00fcler und die Eltern da ist. Die Primarschule geh\u00f6rt zusammen mit Gr\u00fcsch und Seewis zum Schulverband Gr\u00fcsch \/ Seewis. An unserer Primarschule werden zwei Abteilungen gef\u00fchrt; in diesem Jahr&#8230;<\/p>\n","protected":false},"author":1,"featured_media":0,"parent":0,"menu_order":1,"comment_status":"closed","ping_status":"closed","template":"","meta":{"ngg_post_thumbnail":0,"_kad_post_transparent":"","_kad_post_title":"","_kad_post_layout":"","_kad_post_sidebar_id":"","_kad_post_content_style":"","_kad_post_vertical_padding":"","_kad_post_feature":"","_kad_post_feature_position":"","_kad_post_header":false,"_kad_post_footer":false,"_kad_post_classname":"","footnotes":""},"class_list":["post-4","page","type-page","status-publish","hentry"],"_links":{"self":[{"href":"https:\/\/schule.fanas.ch\/index.php?rest_route=\/wp\/v2\/pages\/4","targetHints":{"allow":["GET"]}}],"collection":[{"href":"https:\/\/schule.fanas.ch\/index.php?rest_route=\/wp\/v2\/pages"}],"about":[{"href":"https:\/\/schule.fanas.ch\/index.php?rest_route=\/wp\/v2\/types\/page"}],"author":[{"embeddable":true,"href":"https:\/\/schule.fanas.ch\/index.php?rest_route=\/wp\/v2\/users\/1"}],"replies":[{"embeddable":true,"href":"https:\/\/schule.fanas.ch\/index.php?rest_route=%2Fwp%2Fv2%2Fcomments&post=4"}],"version-history":[{"count":115,"href":"https:\/\/schule.fanas.ch\/index.php?rest_route=\/wp\/v2\/pages\/4\/revisions"}],"predecessor-version":[{"id":4813,"href":"https:\/\/schule.fanas.ch\/index.php?rest_route=\/wp\/v2\/pages\/4\/revisions\/4813"}],"wp:attachment":[{"href":"https:\/\/schule.fanas.ch\/index.php?rest_route=%2Fwp%2Fv2%2Fmedia&parent=4"}],"curies":[{"name":"wp","href":"https:\/\/api.w.org\/{rel}","templated":true}]}}